{"id":2757,"date":"2022-06-10T13:02:39","date_gmt":"2022-06-10T13:02:39","guid":{"rendered":"https:\/\/ctvr.eu\/del-proyecto\/"},"modified":"2024-03-11T12:14:55","modified_gmt":"2024-03-11T12:14:55","slug":"del-proyecto","status":"publish","type":"page","link":"https:\/\/ctvr.eu\/es\/del-proyecto\/","title":{"rendered":"del Proyecto"},"content":{"rendered":"\t\t<div data-elementor-type=\"wp-page\" data-elementor-id=\"2757\" class=\"elementor elementor-2757 elementor-210\" data-elementor-post-type=\"page\">\n\t\t\t\t\t\t<section class=\"elementor-section elementor-top-section elementor-element elementor-element-c998916 elementor-section-boxed elementor-section-height-default elementor-section-height-default\" data-id=\"c998916\" data-element_type=\"section\">\n\t\t\t\t\t\t<div class=\"elementor-container elementor-column-gap-default\">\n\t\t\t\t\t<div class=\"elementor-column elementor-col-100 elementor-top-column elementor-element elementor-element-443a587\" data-id=\"443a587\" data-element_type=\"column\">\n\t\t\t<div class=\"elementor-widget-wrap elementor-element-populated\">\n\t\t\t\t\t\t<div class=\"elementor-element elementor-element-32e55b7 elementor-widget elementor-widget-spacer\" data-id=\"32e55b7\" data-element_type=\"widget\" data-widget_type=\"spacer.default\">\n\t\t\t\t<div class=\"elementor-widget-container\">\n\t\t\t\t\t<div class=\"elementor-spacer\">\n\t\t\t<div class=\"elementor-spacer-inner\"><\/div>\n\t\t<\/div>\n\t\t\t\t<\/div>\n\t\t\t\t<\/div>\n\t\t\t\t<section class=\"elementor-section elementor-inner-section elementor-element elementor-element-be45fb9 elementor-section-boxed elementor-section-height-default elementor-section-height-default\" data-id=\"be45fb9\" data-element_type=\"section\">\n\t\t\t\t\t\t\t<div class=\"elementor-background-overlay\"><\/div>\n\t\t\t\t\t\t\t<div class=\"elementor-container elementor-column-gap-default\">\n\t\t\t\t\t<div class=\"elementor-column elementor-col-33 elementor-inner-column elementor-element elementor-element-dd2aaaa\" data-id=\"dd2aaaa\" data-element_type=\"column\">\n\t\t\t<div class=\"elementor-widget-wrap\">\n\t\t\t\t\t\t\t<\/div>\n\t\t<\/div>\n\t\t\t\t<div class=\"elementor-column elementor-col-33 elementor-inner-column elementor-element elementor-element-2a35169\" data-id=\"2a35169\" data-element_type=\"column\">\n\t\t\t<div class=\"elementor-widget-wrap elementor-element-populated\">\n\t\t\t\t\t\t<div class=\"elementor-element elementor-element-d41f724 elementor-widget elementor-widget-image\" data-id=\"d41f724\" data-element_type=\"widget\" data-widget_type=\"image.default\">\n\t\t\t\t<div class=\"elementor-widget-container\">\n\t\t\t\t\t\t\t\t\t\t\t\t\t<img fetchpriority=\"high\" decoding=\"async\" width=\"640\" height=\"607\" src=\"https:\/\/ctvr.eu\/wp-content\/uploads\/2022\/06\/results_photo_01.png\" class=\"attachment-large size-large wp-image-1365\" alt=\"\" srcset=\"https:\/\/ctvr.eu\/wp-content\/uploads\/2022\/06\/results_photo_01.png 800w, https:\/\/ctvr.eu\/wp-content\/uploads\/2022\/06\/results_photo_01-300x285.png 300w, https:\/\/ctvr.eu\/wp-content\/uploads\/2022\/06\/results_photo_01-768x729.png 768w\" sizes=\"(max-width: 640px) 100vw, 640px\" \/>\t\t\t\t\t\t\t\t\t\t\t\t\t<\/div>\n\t\t\t\t<\/div>\n\t\t\t\t\t<\/div>\n\t\t<\/div>\n\t\t\t\t<div class=\"elementor-column elementor-col-33 elementor-inner-column elementor-element elementor-element-5eb18b4\" data-id=\"5eb18b4\" data-element_type=\"column\">\n\t\t\t<div class=\"elementor-widget-wrap\">\n\t\t\t\t\t\t\t<\/div>\n\t\t<\/div>\n\t\t\t\t\t<\/div>\n\t\t<\/section>\n\t\t\t\t<div class=\"elementor-element elementor-element-890d672 text-center elementor-widget elementor-widget-tp-heading-title\" data-id=\"890d672\" data-element_type=\"widget\" data-widget_type=\"tp-heading-title.default\">\n\t\t\t\t<div class=\"elementor-widget-container\">\n\t\t\t<div class=\"heading heading_style heading_style69dee40fa5812 style-1 \" ><div class=\"sub-style \"  ><div class=\"head-title \" > <h1  class=\"heading-title   \"   data-hover=\"Resultados\">Resultados<span class=\"title-s \"> Resultados del Proyecto <\/span><\/h1><\/div><\/div><\/div>\t\t<\/div>\n\t\t\t\t<\/div>\n\t\t\t\t<div class=\"elementor-element elementor-element-bd538dc elementor-widget elementor-widget-text-editor\" data-id=\"bd538dc\" data-element_type=\"widget\" data-widget_type=\"text-editor.default\">\n\t\t\t\t<div class=\"elementor-widget-container\">\n\t\t\t<div class=\"bb-theme-elementor-wrap bb-elementor-custom-color\">\t\t\t\t<p>CT:VR tiene como objetivo crear planes de estudios innovadores y novedosos mediante la implementaci\u00f3n de aulas de VR en el proceso de educaci\u00f3n de adultos.<\/p>\n\t\t\t\t<\/div>\t\t<\/div>\n\t\t\t\t<\/div>\n\t\t\t\t<div class=\"elementor-element elementor-element-2504513 elementor-widget elementor-widget-spacer\" data-id=\"2504513\" data-element_type=\"widget\" id=\"results01\" data-widget_type=\"spacer.default\">\n\t\t\t\t<div class=\"elementor-widget-container\">\n\t\t\t\t\t<div class=\"elementor-spacer\">\n\t\t\t<div class=\"elementor-spacer-inner\"><\/div>\n\t\t<\/div>\n\t\t\t\t<\/div>\n\t\t\t\t<\/div>\n\t\t\t\t<section class=\"elementor-section elementor-inner-section elementor-element elementor-element-39215c8 elementor-section-full_width elementor-section-height-default elementor-section-height-default\" data-id=\"39215c8\" data-element_type=\"section\">\n\t\t\t\t\t\t<div class=\"elementor-container elementor-column-gap-default\">\n\t\t\t\t\t<div class=\"elementor-column elementor-col-50 elementor-inner-column elementor-element elementor-element-da7542f\" data-id=\"da7542f\" data-element_type=\"column\">\n\t\t\t<div class=\"elementor-widget-wrap elementor-element-populated\">\n\t\t\t\t\t\t<div class=\"elementor-element elementor-element-fe53686 elementor-widget elementor-widget-tp-image-factory\" data-id=\"fe53686\" data-element_type=\"widget\" data-widget_type=\"tp-image-factory.default\">\n\t\t\t\t<div class=\"elementor-widget-container\">\n\t\t\t<div id=\"plus69dee40fa7ba1\" class=\"plus-adv-text-widget plus-widget-wrapper    \"  ><div class=\"plus-widget-inner-wrap   \"  ><div class=\"plus-widget-inner-tilt js-tilt\" data-tilt=\"\" data-tilt-scale=\"1.1\" data-tilt-max=\"0\" data-tilt-perspective=\"400\" data-tilt-speed=\"400\" data-tilt-easing=\"cubic-bezier(.03,.98,.52,.99)\"><div id=\"plus69dee40fa7ec1\" class=\"pt-plus-animated-image-wrapper      \" ><div class=\"animated-image-parallax   \" ><div class=\"pt_plus_animated_image bg-image69dee40fa7ebe text-center  \"  > <figure class=\"    js-tilt \" data-tilt=\"\" data-tilt-scale=\"1.1\" data-tilt-max=\"0\" data-tilt-perspective=\"400\" data-tilt-speed=\"400\" data-tilt-easing=\"cubic-bezier(.03,.98,.52,.99)\" ><div class=\"vc_single_image-wrapper   \"><img decoding=\"async\" width=\"1000\" height=\"1000\" src=\"https:\/\/ctvr.eu\/wp-content\/uploads\/2022\/09\/photos_ctvr_new_02.jpg\" class=\"attachment-full size-full wp-image-702\" alt=\"\" srcset=\"https:\/\/ctvr.eu\/wp-content\/uploads\/2022\/09\/photos_ctvr_new_02.jpg 1000w, https:\/\/ctvr.eu\/wp-content\/uploads\/2022\/09\/photos_ctvr_new_02-300x300.jpg 300w, https:\/\/ctvr.eu\/wp-content\/uploads\/2022\/09\/photos_ctvr_new_02-150x150.jpg 150w, https:\/\/ctvr.eu\/wp-content\/uploads\/2022\/09\/photos_ctvr_new_02-768x768.jpg 768w, https:\/\/ctvr.eu\/wp-content\/uploads\/2022\/09\/photos_ctvr_new_02-700x700.jpg 700w\" sizes=\"(max-width: 1000px) 100vw, 1000px\" \/><\/div> <\/figure> <\/div><\/div><\/div><\/div><\/div><\/div>\t\t<\/div>\n\t\t\t\t<\/div>\n\t\t\t\t\t<\/div>\n\t\t<\/div>\n\t\t\t\t<div class=\"elementor-column elementor-col-50 elementor-inner-column elementor-element elementor-element-e51a209\" data-id=\"e51a209\" data-element_type=\"column\">\n\t\t\t<div class=\"elementor-widget-wrap elementor-element-populated\">\n\t\t\t\t\t\t<div class=\"elementor-element elementor-element-088505d elementor-widget elementor-widget-heading\" data-id=\"088505d\" data-element_type=\"widget\" data-widget_type=\"heading.default\">\n\t\t\t\t<div class=\"elementor-widget-container\">\n\t\t\t<h2 class=\"elementor-heading-title elementor-size-default\">Investigaci\u00f3n de herramientas y metodolog\u00edas de RV en educaci\u00f3n de adultos <\/h2>\t\t<\/div>\n\t\t\t\t<\/div>\n\t\t\t\t<div class=\"elementor-element elementor-element-87831bf elementor-widget elementor-widget-text-editor\" data-id=\"87831bf\" data-element_type=\"widget\" data-widget_type=\"text-editor.default\">\n\t\t\t\t<div class=\"elementor-widget-container\">\n\t\t\t<div class=\"bb-theme-elementor-wrap bb-elementor-custom-color\">\t\t\t\t<p>Una investigaci\u00f3n en profundidad de materiales integrales, herramientas y mejores pr\u00e1cticas del campo de la realidad virtual y\/o aumentada en la educaci\u00f3n. La investigaci\u00f3n dar\u00e1 lugar a un informe general, basado en los informes nacionales publicados por los socios del proyecto, con el fin de presentar las herramientas de RV\/RA y los m\u00e9todos innovadores que pueden aplicarse en la educaci\u00f3n de adultos.<\/p>\n\t\t\t\t<\/div>\t\t<\/div>\n\t\t\t\t<\/div>\n\t\t\t\t<div class=\"elementor-element elementor-element-71cf77d elementor-align-center elementor-widget elementor-widget-button\" data-id=\"71cf77d\" data-element_type=\"widget\" data-widget_type=\"button.default\">\n\t\t\t\t<div class=\"elementor-widget-container\">\n\t\t\t\t\t<div class=\"elementor-button-wrapper\">\n\t\t\t<a class=\"elementor-button elementor-button-link elementor-size-sm\" href=\"https:\/\/ctvr.eu\/es\/estudios-de-casos\/\">\n\t\t\t\t\t\t<span class=\"elementor-button-content-wrapper\">\n\t\t\t\t\t\t\t\t\t<span class=\"elementor-button-text\">Estudios de Casos<\/span>\n\t\t\t\t\t<\/span>\n\t\t\t\t\t<\/a>\n\t\t<\/div>\n\t\t\t\t<\/div>\n\t\t\t\t<\/div>\n\t\t\t\t\t<\/div>\n\t\t<\/div>\n\t\t\t\t\t<\/div>\n\t\t<\/section>\n\t\t\t\t<div class=\"elementor-element elementor-element-ada8ef7 elementor-widget elementor-widget-spacer\" data-id=\"ada8ef7\" data-element_type=\"widget\" id=\"results02\" data-widget_type=\"spacer.default\">\n\t\t\t\t<div class=\"elementor-widget-container\">\n\t\t\t\t\t<div class=\"elementor-spacer\">\n\t\t\t<div class=\"elementor-spacer-inner\"><\/div>\n\t\t<\/div>\n\t\t\t\t<\/div>\n\t\t\t\t<\/div>\n\t\t\t\t<section class=\"elementor-section elementor-inner-section elementor-element elementor-element-8784f7c elementor-section-full_width elementor-reverse-mobile elementor-section-height-default elementor-section-height-default\" data-id=\"8784f7c\" data-element_type=\"section\">\n\t\t\t\t\t\t<div class=\"elementor-container elementor-column-gap-default\">\n\t\t\t\t\t<div class=\"elementor-column elementor-col-50 elementor-inner-column elementor-element elementor-element-822a935\" data-id=\"822a935\" data-element_type=\"column\">\n\t\t\t<div class=\"elementor-widget-wrap elementor-element-populated\">\n\t\t\t\t\t\t<div class=\"elementor-element elementor-element-db01c79 elementor-widget elementor-widget-heading\" data-id=\"db01c79\" data-element_type=\"widget\" data-widget_type=\"heading.default\">\n\t\t\t\t<div class=\"elementor-widget-container\">\n\t\t\t<h2 class=\"elementor-heading-title elementor-size-default\">CT : VR Plan de Estudios<\/h2>\t\t<\/div>\n\t\t\t\t<\/div>\n\t\t\t\t<div class=\"elementor-element elementor-element-60b6a15 elementor-widget elementor-widget-text-editor\" data-id=\"60b6a15\" data-element_type=\"widget\" data-widget_type=\"text-editor.default\">\n\t\t\t\t<div class=\"elementor-widget-container\">\n\t\t\t<div class=\"bb-theme-elementor-wrap bb-elementor-custom-color\">\t\t\t\t<p>Los Curr\u00edculos de CT:VR ser\u00e1n publicados digitalmente, y consistir\u00e1n en una lista de procedimientos y metodolog\u00edas con respecto a la implementaci\u00f3n de VR en 3 niveles: organizacional, docente\/mentor, participante. Actuar\u00e1 como una gu\u00eda sobre las posibilidades de diferentes implementaciones y como un tutorial para su uso futuro por organizaciones o profesores. Se pondr\u00e1n en pr\u00e1ctica m\u00e9todos creativos de educaci\u00f3n a distancia, como la narraci\u00f3n, la escritura de guiones y los enfoques art\u00edsticos, mejorando as\u00ed las habilidades digitales de los profesores y educadores. Los profesores tambi\u00e9n adquirir\u00e1n habilidades para crear nuevos m\u00f3dulos de ense\u00f1anza.<\/p>\n\t\t\t\t<\/div>\t\t<\/div>\n\t\t\t\t<\/div>\n\t\t\t\t<div class=\"elementor-element elementor-element-aa86433 elementor-align-center elementor-widget elementor-widget-button\" data-id=\"aa86433\" data-element_type=\"widget\" data-widget_type=\"button.default\">\n\t\t\t\t<div class=\"elementor-widget-container\">\n\t\t\t\t\t<div class=\"elementor-button-wrapper\">\n\t\t\t<a class=\"elementor-button elementor-button-link elementor-size-sm\" href=\"https:\/\/ctvr.eu\/es\/courses\/ct-planes-de-estudios-de-rv\/\">\n\t\t\t\t\t\t<span class=\"elementor-button-content-wrapper\">\n\t\t\t\t\t\t\t\t\t<span class=\"elementor-button-text\">Plan de Estudios<\/span>\n\t\t\t\t\t<\/span>\n\t\t\t\t\t<\/a>\n\t\t<\/div>\n\t\t\t\t<\/div>\n\t\t\t\t<\/div>\n\t\t\t\t\t<\/div>\n\t\t<\/div>\n\t\t\t\t<div class=\"elementor-column elementor-col-50 elementor-inner-column elementor-element elementor-element-1303072\" data-id=\"1303072\" data-element_type=\"column\">\n\t\t\t<div class=\"elementor-widget-wrap elementor-element-populated\">\n\t\t\t\t\t\t<div class=\"elementor-element elementor-element-013e160 elementor-widget elementor-widget-tp-image-factory\" data-id=\"013e160\" data-element_type=\"widget\" data-settings=\"{&quot;sticky&quot;:&quot;top&quot;,&quot;sticky_on&quot;:[&quot;tablet&quot;],&quot;sticky_parent&quot;:&quot;yes&quot;,&quot;sticky_offset&quot;:0,&quot;sticky_effects_offset&quot;:0}\" data-widget_type=\"tp-image-factory.default\">\n\t\t\t\t<div class=\"elementor-widget-container\">\n\t\t\t<div id=\"plus69dee40fac222\" class=\"plus-adv-text-widget plus-widget-wrapper    \"  ><div class=\"plus-widget-inner-wrap   \"  ><div class=\"plus-widget-inner-tilt js-tilt\" data-tilt=\"\" data-tilt-scale=\"1.1\" data-tilt-max=\"0\" data-tilt-perspective=\"400\" data-tilt-speed=\"400\" data-tilt-easing=\"cubic-bezier(.03,.98,.52,.99)\"><div id=\"plus69dee40fac562\" class=\"pt-plus-animated-image-wrapper      \" ><div class=\"animated-image-parallax   \" ><div class=\"pt_plus_animated_image bg-image69dee40fac55c text-center  \"  > <figure class=\"    js-tilt \" data-tilt=\"\" data-tilt-scale=\"1.1\" data-tilt-max=\"0\" data-tilt-perspective=\"400\" data-tilt-speed=\"400\" data-tilt-easing=\"cubic-bezier(.03,.98,.52,.99)\" ><div class=\"vc_single_image-wrapper   \"><img decoding=\"async\" width=\"1000\" height=\"1000\" src=\"https:\/\/ctvr.eu\/wp-content\/uploads\/2022\/06\/Implementation-of-blended.jpg\" class=\"attachment-full size-full wp-image-123\" alt=\"\" srcset=\"https:\/\/ctvr.eu\/wp-content\/uploads\/2022\/06\/Implementation-of-blended.jpg 1000w, https:\/\/ctvr.eu\/wp-content\/uploads\/2022\/06\/Implementation-of-blended-300x300.jpg 300w, https:\/\/ctvr.eu\/wp-content\/uploads\/2022\/06\/Implementation-of-blended-150x150.jpg 150w, https:\/\/ctvr.eu\/wp-content\/uploads\/2022\/06\/Implementation-of-blended-768x768.jpg 768w, https:\/\/ctvr.eu\/wp-content\/uploads\/2022\/06\/Implementation-of-blended-700x700.jpg 700w\" sizes=\"(max-width: 1000px) 100vw, 1000px\" \/><\/div> <\/figure> <\/div><\/div><\/div><\/div><\/div><\/div>\t\t<\/div>\n\t\t\t\t<\/div>\n\t\t\t\t\t<\/div>\n\t\t<\/div>\n\t\t\t\t\t<\/div>\n\t\t<\/section>\n\t\t\t\t<div class=\"elementor-element elementor-element-077a622 elementor-widget elementor-widget-spacer\" data-id=\"077a622\" data-element_type=\"widget\" id=\"results03\" data-widget_type=\"spacer.default\">\n\t\t\t\t<div class=\"elementor-widget-container\">\n\t\t\t\t\t<div class=\"elementor-spacer\">\n\t\t\t<div class=\"elementor-spacer-inner\"><\/div>\n\t\t<\/div>\n\t\t\t\t<\/div>\n\t\t\t\t<\/div>\n\t\t\t\t<section class=\"elementor-section elementor-inner-section elementor-element elementor-element-5897ce9 elementor-section-full_width elementor-section-height-default elementor-section-height-default\" data-id=\"5897ce9\" data-element_type=\"section\">\n\t\t\t\t\t\t<div class=\"elementor-container elementor-column-gap-default\">\n\t\t\t\t\t<div class=\"elementor-column elementor-col-50 elementor-inner-column elementor-element elementor-element-125f5c8\" data-id=\"125f5c8\" data-element_type=\"column\">\n\t\t\t<div class=\"elementor-widget-wrap elementor-element-populated\">\n\t\t\t\t\t\t<div class=\"elementor-element elementor-element-d7721d3 elementor-widget elementor-widget-tp-image-factory\" data-id=\"d7721d3\" data-element_type=\"widget\" data-settings=\"{&quot;sticky&quot;:&quot;top&quot;,&quot;sticky_on&quot;:[&quot;tablet&quot;],&quot;sticky_parent&quot;:&quot;yes&quot;,&quot;sticky_offset&quot;:0,&quot;sticky_effects_offset&quot;:0}\" data-widget_type=\"tp-image-factory.default\">\n\t\t\t\t<div class=\"elementor-widget-container\">\n\t\t\t<div id=\"plus69dee40fae3e0\" class=\"plus-adv-text-widget plus-widget-wrapper    \"  ><div class=\"plus-widget-inner-wrap   \"  ><div class=\"plus-widget-inner-tilt js-tilt\" data-tilt=\"\" data-tilt-scale=\"1.1\" data-tilt-max=\"0\" data-tilt-perspective=\"400\" data-tilt-speed=\"400\" data-tilt-easing=\"cubic-bezier(.03,.98,.52,.99)\"><div id=\"plus69dee40fae79f\" class=\"pt-plus-animated-image-wrapper      \" ><div class=\"animated-image-parallax   \" ><div class=\"pt_plus_animated_image bg-image69dee40fae79b text-center  \"  > <figure class=\"    js-tilt \" data-tilt=\"\" data-tilt-scale=\"1.1\" data-tilt-max=\"0\" data-tilt-perspective=\"400\" data-tilt-speed=\"400\" data-tilt-easing=\"cubic-bezier(.03,.98,.52,.99)\" ><div class=\"vc_single_image-wrapper   \"><img loading=\"lazy\" decoding=\"async\" width=\"1000\" height=\"1000\" src=\"https:\/\/ctvr.eu\/wp-content\/uploads\/2022\/09\/photos_ctvr_new_01.jpg\" class=\"attachment-full size-full wp-image-701\" alt=\"\" srcset=\"https:\/\/ctvr.eu\/wp-content\/uploads\/2022\/09\/photos_ctvr_new_01.jpg 1000w, https:\/\/ctvr.eu\/wp-content\/uploads\/2022\/09\/photos_ctvr_new_01-300x300.jpg 300w, https:\/\/ctvr.eu\/wp-content\/uploads\/2022\/09\/photos_ctvr_new_01-150x150.jpg 150w, https:\/\/ctvr.eu\/wp-content\/uploads\/2022\/09\/photos_ctvr_new_01-768x768.jpg 768w, https:\/\/ctvr.eu\/wp-content\/uploads\/2022\/09\/photos_ctvr_new_01-700x700.jpg 700w\" sizes=\"(max-width: 1000px) 100vw, 1000px\" \/><\/div> <\/figure> <\/div><\/div><\/div><\/div><\/div><\/div>\t\t<\/div>\n\t\t\t\t<\/div>\n\t\t\t\t\t<\/div>\n\t\t<\/div>\n\t\t\t\t<div class=\"elementor-column elementor-col-50 elementor-inner-column elementor-element elementor-element-2b7d65d\" data-id=\"2b7d65d\" data-element_type=\"column\">\n\t\t\t<div class=\"elementor-widget-wrap elementor-element-populated\">\n\t\t\t\t\t\t<div class=\"elementor-element elementor-element-c44a3c7 elementor-widget elementor-widget-heading\" data-id=\"c44a3c7\" data-element_type=\"widget\" data-widget_type=\"heading.default\">\n\t\t\t\t<div class=\"elementor-widget-container\">\n\t\t\t<h2 class=\"elementor-heading-title elementor-size-default\">CT : VR Pautas con videotutoriales<\/h2>\t\t<\/div>\n\t\t\t\t<\/div>\n\t\t\t\t<div class=\"elementor-element elementor-element-d1bf147 elementor-widget elementor-widget-text-editor\" data-id=\"d1bf147\" data-element_type=\"widget\" data-widget_type=\"text-editor.default\">\n\t\t\t\t<div class=\"elementor-widget-container\">\n\t\t\t<div class=\"bb-theme-elementor-wrap bb-elementor-custom-color\">\t\t\t\t<p>Los socios del proyecto recoger\u00e1n y evaluar\u00e1n ejemplos de buenas pr\u00e1cticas de implementaci\u00f3n de RV\/RA en todos los niveles de las organizaciones educativas, con un enfoque en la educaci\u00f3n de adultos. Se llevar\u00e1 a cabo una investigaci\u00f3n sobre buenas pr\u00e1cticas, reuniendo conocimientos e informaci\u00f3n de organizaciones y sitios web que ya utilizan la realidad virtual como parte de sus planes de estudios educativos. Los resultados de la investigaci\u00f3n se<\/p>\n<p>publicar\u00e1n en la plataforma CT:VR. Las Directrices servir\u00e1n como material de aprendizaje al principio, fomentando la participaci\u00f3n de las organizaciones educativas, ofreciendo una visi\u00f3n general de las ventajas de la RV\/RA. La plataforma CT : VR, que incluir\u00e1 directrices con v\u00eddeos, enlaces, im\u00e1genes y otro material interactivo, se ofrecer\u00e1 como c\u00f3digo abierto a las partes interesadas.<\/p>\n\t\t\t\t<\/div>\t\t<\/div>\n\t\t\t\t<\/div>\n\t\t\t\t<div class=\"elementor-element elementor-element-e0c9c38 elementor-align-center elementor-widget elementor-widget-button\" data-id=\"e0c9c38\" data-element_type=\"widget\" data-widget_type=\"button.default\">\n\t\t\t\t<div class=\"elementor-widget-container\">\n\t\t\t\t\t<div class=\"elementor-button-wrapper\">\n\t\t\t<a class=\"elementor-button elementor-button-link elementor-size-sm\" href=\"https:\/\/ctvr.eu\/wp-content\/uploads\/2024\/03\/IO3-GUIDELINES-CT-VR-v2-es.pdf\" target=\"_blank\">\n\t\t\t\t\t\t<span class=\"elementor-button-content-wrapper\">\n\t\t\t\t\t\t\t\t\t<span class=\"elementor-button-text\">Pautas<\/span>\n\t\t\t\t\t<\/span>\n\t\t\t\t\t<\/a>\n\t\t<\/div>\n\t\t\t\t<\/div>\n\t\t\t\t<\/div>\n\t\t\t\t\t<\/div>\n\t\t<\/div>\n\t\t\t\t\t<\/div>\n\t\t<\/section>\n\t\t\t\t<div class=\"elementor-element elementor-element-5509587 elementor-widget elementor-widget-spacer\" data-id=\"5509587\" data-element_type=\"widget\" data-widget_type=\"spacer.default\">\n\t\t\t\t<div class=\"elementor-widget-container\">\n\t\t\t\t\t<div class=\"elementor-spacer\">\n\t\t\t<div class=\"elementor-spacer-inner\"><\/div>\n\t\t<\/div>\n\t\t\t\t<\/div>\n\t\t\t\t<\/div>\n\t\t\t\t\t<\/div>\n\t\t<\/div>\n\t\t\t\t\t<\/div>\n\t\t<\/section>\n\t\t\t\t<\/div>\n\t\t","protected":false},"excerpt":{"rendered":"<p>Resultados Resultados del Proyecto CT:VR tiene como objetivo crear planes de estudios innovadores y novedosos mediante la implementaci\u00f3n de aulas de VR en el proceso&hellip;<\/p>\n","protected":false},"author":2,"featured_media":0,"parent":0,"menu_order":0,"comment_status":"closed","ping_status":"closed","template":"","meta":{"footnotes":""},"class_list":["post-2757","page","type-page","status-publish","hentry"],"_links":{"self":[{"href":"https:\/\/ctvr.eu\/es\/wp-json\/wp\/v2\/pages\/2757","targetHints":{"allow":["GET"]}}],"collection":[{"href":"https:\/\/ctvr.eu\/es\/wp-json\/wp\/v2\/pages"}],"about":[{"href":"https:\/\/ctvr.eu\/es\/wp-json\/wp\/v2\/types\/page"}],"author":[{"embeddable":true,"href":"https:\/\/ctvr.eu\/es\/wp-json\/wp\/v2\/users\/2"}],"replies":[{"embeddable":true,"href":"https:\/\/ctvr.eu\/es\/wp-json\/wp\/v2\/comments?post=2757"}],"version-history":[{"count":10,"href":"https:\/\/ctvr.eu\/es\/wp-json\/wp\/v2\/pages\/2757\/revisions"}],"predecessor-version":[{"id":6589,"href":"https:\/\/ctvr.eu\/es\/wp-json\/wp\/v2\/pages\/2757\/revisions\/6589"}],"wp:attachment":[{"href":"https:\/\/ctvr.eu\/es\/wp-json\/wp\/v2\/media?parent=2757"}],"curies":[{"name":"wp","href":"https:\/\/api.w.org\/{rel}","templated":true}]}}