{"id":2782,"date":"2022-06-10T13:02:39","date_gmt":"2022-06-10T13:02:39","guid":{"rendered":"https:\/\/ctvr.eu\/resultats\/"},"modified":"2024-03-11T12:07:13","modified_gmt":"2024-03-11T12:07:13","slug":"resultats","status":"publish","type":"page","link":"https:\/\/ctvr.eu\/fr\/resultats\/","title":{"rendered":"R\u00e9sultats"},"content":{"rendered":"\t\t<div data-elementor-type=\"wp-page\" data-elementor-id=\"2782\" class=\"elementor elementor-2782 elementor-210\" data-elementor-post-type=\"page\">\n\t\t\t\t\t\t<section class=\"elementor-section elementor-top-section elementor-element elementor-element-c998916 elementor-section-boxed elementor-section-height-default elementor-section-height-default\" data-id=\"c998916\" data-element_type=\"section\">\n\t\t\t\t\t\t<div class=\"elementor-container elementor-column-gap-default\">\n\t\t\t\t\t<div class=\"elementor-column elementor-col-100 elementor-top-column elementor-element elementor-element-443a587\" data-id=\"443a587\" data-element_type=\"column\">\n\t\t\t<div class=\"elementor-widget-wrap elementor-element-populated\">\n\t\t\t\t\t\t<div class=\"elementor-element elementor-element-32e55b7 elementor-widget elementor-widget-spacer\" data-id=\"32e55b7\" data-element_type=\"widget\" data-widget_type=\"spacer.default\">\n\t\t\t\t<div class=\"elementor-widget-container\">\n\t\t\t\t\t<div class=\"elementor-spacer\">\n\t\t\t<div class=\"elementor-spacer-inner\"><\/div>\n\t\t<\/div>\n\t\t\t\t<\/div>\n\t\t\t\t<\/div>\n\t\t\t\t<section class=\"elementor-section elementor-inner-section elementor-element elementor-element-be45fb9 elementor-section-boxed elementor-section-height-default elementor-section-height-default\" data-id=\"be45fb9\" data-element_type=\"section\">\n\t\t\t\t\t\t\t<div class=\"elementor-background-overlay\"><\/div>\n\t\t\t\t\t\t\t<div class=\"elementor-container elementor-column-gap-default\">\n\t\t\t\t\t<div class=\"elementor-column elementor-col-33 elementor-inner-column elementor-element elementor-element-dd2aaaa\" data-id=\"dd2aaaa\" data-element_type=\"column\">\n\t\t\t<div class=\"elementor-widget-wrap\">\n\t\t\t\t\t\t\t<\/div>\n\t\t<\/div>\n\t\t\t\t<div class=\"elementor-column elementor-col-33 elementor-inner-column elementor-element elementor-element-2a35169\" data-id=\"2a35169\" data-element_type=\"column\">\n\t\t\t<div class=\"elementor-widget-wrap elementor-element-populated\">\n\t\t\t\t\t\t<div class=\"elementor-element elementor-element-d41f724 elementor-widget elementor-widget-image\" data-id=\"d41f724\" data-element_type=\"widget\" data-widget_type=\"image.default\">\n\t\t\t\t<div class=\"elementor-widget-container\">\n\t\t\t\t\t\t\t\t\t\t\t\t\t<img fetchpriority=\"high\" decoding=\"async\" width=\"640\" height=\"607\" src=\"https:\/\/ctvr.eu\/wp-content\/uploads\/2022\/06\/results_photo_01.png\" class=\"attachment-large size-large wp-image-1362\" alt=\"\" srcset=\"https:\/\/ctvr.eu\/wp-content\/uploads\/2022\/06\/results_photo_01.png 800w, https:\/\/ctvr.eu\/wp-content\/uploads\/2022\/06\/results_photo_01-300x285.png 300w, https:\/\/ctvr.eu\/wp-content\/uploads\/2022\/06\/results_photo_01-768x729.png 768w\" sizes=\"(max-width: 640px) 100vw, 640px\" \/>\t\t\t\t\t\t\t\t\t\t\t\t\t<\/div>\n\t\t\t\t<\/div>\n\t\t\t\t\t<\/div>\n\t\t<\/div>\n\t\t\t\t<div class=\"elementor-column elementor-col-33 elementor-inner-column elementor-element elementor-element-5eb18b4\" data-id=\"5eb18b4\" data-element_type=\"column\">\n\t\t\t<div class=\"elementor-widget-wrap\">\n\t\t\t\t\t\t\t<\/div>\n\t\t<\/div>\n\t\t\t\t\t<\/div>\n\t\t<\/section>\n\t\t\t\t<div class=\"elementor-element elementor-element-890d672 text-center elementor-widget elementor-widget-tp-heading-title\" data-id=\"890d672\" data-element_type=\"widget\" data-widget_type=\"tp-heading-title.default\">\n\t\t\t\t<div class=\"elementor-widget-container\">\n\t\t\t<div class=\"heading heading_style heading_style69f476e9945e2 style-1 \" ><div class=\"sub-style \"  ><div class=\"head-title \" > <h1  class=\"heading-title   \"   data-hover=\"du projet\">du projet<span class=\"title-s \"> R\u00e9sultats du projet <\/span><\/h1><\/div><\/div><\/div>\t\t<\/div>\n\t\t\t\t<\/div>\n\t\t\t\t<div class=\"elementor-element elementor-element-bd538dc elementor-widget elementor-widget-text-editor\" data-id=\"bd538dc\" data-element_type=\"widget\" data-widget_type=\"text-editor.default\">\n\t\t\t\t<div class=\"elementor-widget-container\">\n\t\t\t<div class=\"bb-theme-elementor-wrap bb-elementor-custom-color\">\t\t\t\t<p>CT:VR vise \u00e0 cr\u00e9er des programmes d&#8217;\u00e9tudes r\u00e9volutionnaires et innovants en mettant en \u0153uvre des classes de RV en formation d\u2019adultes.<\/p>\n\t\t\t\t<\/div>\t\t<\/div>\n\t\t\t\t<\/div>\n\t\t\t\t<div class=\"elementor-element elementor-element-2504513 elementor-widget elementor-widget-spacer\" data-id=\"2504513\" data-element_type=\"widget\" id=\"results01\" data-widget_type=\"spacer.default\">\n\t\t\t\t<div class=\"elementor-widget-container\">\n\t\t\t\t\t<div class=\"elementor-spacer\">\n\t\t\t<div class=\"elementor-spacer-inner\"><\/div>\n\t\t<\/div>\n\t\t\t\t<\/div>\n\t\t\t\t<\/div>\n\t\t\t\t<section class=\"elementor-section elementor-inner-section elementor-element elementor-element-39215c8 elementor-section-full_width elementor-section-height-default elementor-section-height-default\" data-id=\"39215c8\" data-element_type=\"section\">\n\t\t\t\t\t\t<div class=\"elementor-container elementor-column-gap-default\">\n\t\t\t\t\t<div class=\"elementor-column elementor-col-50 elementor-inner-column elementor-element elementor-element-da7542f\" data-id=\"da7542f\" data-element_type=\"column\">\n\t\t\t<div class=\"elementor-widget-wrap elementor-element-populated\">\n\t\t\t\t\t\t<div class=\"elementor-element elementor-element-fe53686 elementor-widget elementor-widget-tp-image-factory\" data-id=\"fe53686\" data-element_type=\"widget\" data-widget_type=\"tp-image-factory.default\">\n\t\t\t\t<div class=\"elementor-widget-container\">\n\t\t\t<div id=\"plus69f476e996851\" class=\"plus-adv-text-widget plus-widget-wrapper    \"  ><div class=\"plus-widget-inner-wrap   \"  ><div class=\"plus-widget-inner-tilt js-tilt\" data-tilt=\"\" data-tilt-scale=\"1.1\" data-tilt-max=\"0\" data-tilt-perspective=\"400\" data-tilt-speed=\"400\" data-tilt-easing=\"cubic-bezier(.03,.98,.52,.99)\"><div id=\"plus69f476e996b40\" class=\"pt-plus-animated-image-wrapper      \" ><div class=\"animated-image-parallax   \" ><div class=\"pt_plus_animated_image bg-image69f476e996b3d text-center  \"  > <figure class=\"    js-tilt \" data-tilt=\"\" data-tilt-scale=\"1.1\" data-tilt-max=\"0\" data-tilt-perspective=\"400\" data-tilt-speed=\"400\" data-tilt-easing=\"cubic-bezier(.03,.98,.52,.99)\" ><div class=\"vc_single_image-wrapper   \"><img decoding=\"async\" width=\"1000\" height=\"1000\" src=\"https:\/\/ctvr.eu\/wp-content\/uploads\/2022\/09\/photos_ctvr_new_02.jpg\" class=\"attachment-full size-full wp-image-702\" alt=\"\" srcset=\"https:\/\/ctvr.eu\/wp-content\/uploads\/2022\/09\/photos_ctvr_new_02.jpg 1000w, https:\/\/ctvr.eu\/wp-content\/uploads\/2022\/09\/photos_ctvr_new_02-300x300.jpg 300w, https:\/\/ctvr.eu\/wp-content\/uploads\/2022\/09\/photos_ctvr_new_02-150x150.jpg 150w, https:\/\/ctvr.eu\/wp-content\/uploads\/2022\/09\/photos_ctvr_new_02-768x768.jpg 768w, https:\/\/ctvr.eu\/wp-content\/uploads\/2022\/09\/photos_ctvr_new_02-700x700.jpg 700w\" sizes=\"(max-width: 1000px) 100vw, 1000px\" \/><\/div> <\/figure> <\/div><\/div><\/div><\/div><\/div><\/div>\t\t<\/div>\n\t\t\t\t<\/div>\n\t\t\t\t\t<\/div>\n\t\t<\/div>\n\t\t\t\t<div class=\"elementor-column elementor-col-50 elementor-inner-column elementor-element elementor-element-e51a209\" data-id=\"e51a209\" data-element_type=\"column\">\n\t\t\t<div class=\"elementor-widget-wrap elementor-element-populated\">\n\t\t\t\t\t\t<div class=\"elementor-element elementor-element-088505d elementor-widget elementor-widget-heading\" data-id=\"088505d\" data-element_type=\"widget\" data-widget_type=\"heading.default\">\n\t\t\t\t<div class=\"elementor-widget-container\">\n\t\t\t<h2 class=\"elementor-heading-title elementor-size-default\">Recherche d\u2019outils et de m\u00e9thodologies avec la RV en formation d\u2019adultes<\/h2>\t\t<\/div>\n\t\t\t\t<\/div>\n\t\t\t\t<div class=\"elementor-element elementor-element-87831bf elementor-widget elementor-widget-text-editor\" data-id=\"87831bf\" data-element_type=\"widget\" data-widget_type=\"text-editor.default\">\n\t\t\t\t<div class=\"elementor-widget-container\">\n\t\t\t<div class=\"bb-theme-elementor-wrap bb-elementor-custom-color\">\t\t\t\t<p>Une recherche approfondie de mat\u00e9riels, d&#8217;outils et de bonnes pratiques dans le domaine de la r\u00e9alit\u00e9 virtuelle et\/ou augment\u00e9e en formation. La recherche aboutira \u00e0 un rapport global, bas\u00e9 sur les rapports nationaux publi\u00e9s par les partenaires du projet, afin de pr\u00e9senter les outils de RV\/RA et les m\u00e9thodes innovantes qui peuvent \u00eatre appliqu\u00e9es en formation d\u2019adultes.<\/p>\n\t\t\t\t<\/div>\t\t<\/div>\n\t\t\t\t<\/div>\n\t\t\t\t<div class=\"elementor-element elementor-element-14fcb0c elementor-align-center elementor-widget elementor-widget-button\" data-id=\"14fcb0c\" data-element_type=\"widget\" data-widget_type=\"button.default\">\n\t\t\t\t<div class=\"elementor-widget-container\">\n\t\t\t\t\t<div class=\"elementor-button-wrapper\">\n\t\t\t<a class=\"elementor-button elementor-button-link elementor-size-sm\" href=\"https:\/\/ctvr.eu\/fr\/etudes-de-cas\/\">\n\t\t\t\t\t\t<span class=\"elementor-button-content-wrapper\">\n\t\t\t\t\t\t\t\t\t<span class=\"elementor-button-text\">\u00c9tudes de Cas<\/span>\n\t\t\t\t\t<\/span>\n\t\t\t\t\t<\/a>\n\t\t<\/div>\n\t\t\t\t<\/div>\n\t\t\t\t<\/div>\n\t\t\t\t\t<\/div>\n\t\t<\/div>\n\t\t\t\t\t<\/div>\n\t\t<\/section>\n\t\t\t\t<div class=\"elementor-element elementor-element-ada8ef7 elementor-widget elementor-widget-spacer\" data-id=\"ada8ef7\" data-element_type=\"widget\" id=\"results02\" data-widget_type=\"spacer.default\">\n\t\t\t\t<div class=\"elementor-widget-container\">\n\t\t\t\t\t<div class=\"elementor-spacer\">\n\t\t\t<div class=\"elementor-spacer-inner\"><\/div>\n\t\t<\/div>\n\t\t\t\t<\/div>\n\t\t\t\t<\/div>\n\t\t\t\t<section class=\"elementor-section elementor-inner-section elementor-element elementor-element-8784f7c elementor-section-full_width elementor-reverse-mobile elementor-section-height-default elementor-section-height-default\" data-id=\"8784f7c\" data-element_type=\"section\">\n\t\t\t\t\t\t<div class=\"elementor-container elementor-column-gap-default\">\n\t\t\t\t\t<div class=\"elementor-column elementor-col-50 elementor-inner-column elementor-element elementor-element-822a935\" data-id=\"822a935\" data-element_type=\"column\">\n\t\t\t<div class=\"elementor-widget-wrap elementor-element-populated\">\n\t\t\t\t\t\t<div class=\"elementor-element elementor-element-db01c79 elementor-widget elementor-widget-heading\" data-id=\"db01c79\" data-element_type=\"widget\" data-widget_type=\"heading.default\">\n\t\t\t\t<div class=\"elementor-widget-container\">\n\t\t\t<h2 class=\"elementor-heading-title elementor-size-default\">CT : VR Programme d\u2019\u00e9tude<\/h2>\t\t<\/div>\n\t\t\t\t<\/div>\n\t\t\t\t<div class=\"elementor-element elementor-element-60b6a15 elementor-widget elementor-widget-text-editor\" data-id=\"60b6a15\" data-element_type=\"widget\" data-widget_type=\"text-editor.default\">\n\t\t\t\t<div class=\"elementor-widget-container\">\n\t\t\t<div class=\"bb-theme-elementor-wrap bb-elementor-custom-color\">\t\t\t\t<p>Le programme d&#8217;\u00e9tudes CT:VR sera publi\u00e9 sous forme num\u00e9rique et consistera en une liste de proc\u00e9dures et m\u00e9thodologies concernant l\u2019implantation de la RV \u00e0 trois niveaux : organisationnel, enseignant\/mentor, participant. Il servira de lignes directrices sur les possibilit\u00e9s d\u2019implanter la RV par les organisations ou les enseignants. Des m\u00e9thodes cr\u00e9atives d&#8217;enseignement \u00e0 distance seront mises en \u0153uvre, telles que la narration, l&#8217;\u00e9criture de sc\u00e9narios et des approches artistiques, am\u00e9liorant ainsi les comp\u00e9tences num\u00e9riques des enseignants et des formateurs. Les enseignants acquerront \u00e9galement des comp\u00e9tences en mati\u00e8re de cr\u00e9ation de nouveaux modules d&#8217;enseignement.<\/p>\n\t\t\t\t<\/div>\t\t<\/div>\n\t\t\t\t<\/div>\n\t\t\t\t<div class=\"elementor-element elementor-element-323caf5 elementor-align-center elementor-widget elementor-widget-button\" data-id=\"323caf5\" data-element_type=\"widget\" data-widget_type=\"button.default\">\n\t\t\t\t<div class=\"elementor-widget-container\">\n\t\t\t\t\t<div class=\"elementor-button-wrapper\">\n\t\t\t<a class=\"elementor-button elementor-button-link elementor-size-sm\" href=\"https:\/\/ctvr.eu\/fr\/courses\/ct-programmes-denseignement-de-la-rv\/\">\n\t\t\t\t\t\t<span class=\"elementor-button-content-wrapper\">\n\t\t\t\t\t\t\t\t\t<span class=\"elementor-button-text\">Programme d\u2019\u00e9tude<\/span>\n\t\t\t\t\t<\/span>\n\t\t\t\t\t<\/a>\n\t\t<\/div>\n\t\t\t\t<\/div>\n\t\t\t\t<\/div>\n\t\t\t\t\t<\/div>\n\t\t<\/div>\n\t\t\t\t<div class=\"elementor-column elementor-col-50 elementor-inner-column elementor-element elementor-element-1303072\" data-id=\"1303072\" data-element_type=\"column\">\n\t\t\t<div class=\"elementor-widget-wrap elementor-element-populated\">\n\t\t\t\t\t\t<div class=\"elementor-element elementor-element-013e160 elementor-widget elementor-widget-tp-image-factory\" data-id=\"013e160\" data-element_type=\"widget\" data-settings=\"{&quot;sticky&quot;:&quot;top&quot;,&quot;sticky_on&quot;:[&quot;tablet&quot;],&quot;sticky_parent&quot;:&quot;yes&quot;,&quot;sticky_offset&quot;:0,&quot;sticky_effects_offset&quot;:0}\" data-widget_type=\"tp-image-factory.default\">\n\t\t\t\t<div class=\"elementor-widget-container\">\n\t\t\t<div id=\"plus69f476e999b39\" class=\"plus-adv-text-widget plus-widget-wrapper    \"  ><div class=\"plus-widget-inner-wrap   \"  ><div class=\"plus-widget-inner-tilt js-tilt\" data-tilt=\"\" data-tilt-scale=\"1.1\" data-tilt-max=\"0\" data-tilt-perspective=\"400\" data-tilt-speed=\"400\" data-tilt-easing=\"cubic-bezier(.03,.98,.52,.99)\"><div id=\"plus69f476e999e11\" class=\"pt-plus-animated-image-wrapper      \" ><div class=\"animated-image-parallax   \" ><div class=\"pt_plus_animated_image bg-image69f476e999e0d text-center  \"  > <figure class=\"    js-tilt \" data-tilt=\"\" data-tilt-scale=\"1.1\" data-tilt-max=\"0\" data-tilt-perspective=\"400\" data-tilt-speed=\"400\" data-tilt-easing=\"cubic-bezier(.03,.98,.52,.99)\" ><div class=\"vc_single_image-wrapper   \"><img decoding=\"async\" width=\"1000\" height=\"1000\" src=\"https:\/\/ctvr.eu\/wp-content\/uploads\/2022\/06\/Implementation-of-blended.jpg\" class=\"attachment-full size-full wp-image-123\" alt=\"\" srcset=\"https:\/\/ctvr.eu\/wp-content\/uploads\/2022\/06\/Implementation-of-blended.jpg 1000w, https:\/\/ctvr.eu\/wp-content\/uploads\/2022\/06\/Implementation-of-blended-300x300.jpg 300w, https:\/\/ctvr.eu\/wp-content\/uploads\/2022\/06\/Implementation-of-blended-150x150.jpg 150w, https:\/\/ctvr.eu\/wp-content\/uploads\/2022\/06\/Implementation-of-blended-768x768.jpg 768w, https:\/\/ctvr.eu\/wp-content\/uploads\/2022\/06\/Implementation-of-blended-700x700.jpg 700w\" sizes=\"(max-width: 1000px) 100vw, 1000px\" \/><\/div> <\/figure> <\/div><\/div><\/div><\/div><\/div><\/div>\t\t<\/div>\n\t\t\t\t<\/div>\n\t\t\t\t\t<\/div>\n\t\t<\/div>\n\t\t\t\t\t<\/div>\n\t\t<\/section>\n\t\t\t\t<div class=\"elementor-element elementor-element-077a622 elementor-widget elementor-widget-spacer\" data-id=\"077a622\" data-element_type=\"widget\" id=\"results03\" data-widget_type=\"spacer.default\">\n\t\t\t\t<div class=\"elementor-widget-container\">\n\t\t\t\t\t<div class=\"elementor-spacer\">\n\t\t\t<div class=\"elementor-spacer-inner\"><\/div>\n\t\t<\/div>\n\t\t\t\t<\/div>\n\t\t\t\t<\/div>\n\t\t\t\t<section class=\"elementor-section elementor-inner-section elementor-element elementor-element-5897ce9 elementor-section-full_width elementor-section-height-default elementor-section-height-default\" data-id=\"5897ce9\" data-element_type=\"section\">\n\t\t\t\t\t\t<div class=\"elementor-container elementor-column-gap-default\">\n\t\t\t\t\t<div class=\"elementor-column elementor-col-50 elementor-inner-column elementor-element elementor-element-125f5c8\" data-id=\"125f5c8\" data-element_type=\"column\">\n\t\t\t<div class=\"elementor-widget-wrap elementor-element-populated\">\n\t\t\t\t\t\t<div class=\"elementor-element elementor-element-d7721d3 elementor-widget elementor-widget-tp-image-factory\" data-id=\"d7721d3\" data-element_type=\"widget\" data-settings=\"{&quot;sticky&quot;:&quot;top&quot;,&quot;sticky_on&quot;:[&quot;tablet&quot;],&quot;sticky_parent&quot;:&quot;yes&quot;,&quot;sticky_offset&quot;:0,&quot;sticky_effects_offset&quot;:0}\" data-widget_type=\"tp-image-factory.default\">\n\t\t\t\t<div class=\"elementor-widget-container\">\n\t\t\t<div id=\"plus69f476e99d21a\" class=\"plus-adv-text-widget plus-widget-wrapper    \"  ><div class=\"plus-widget-inner-wrap   \"  ><div class=\"plus-widget-inner-tilt js-tilt\" data-tilt=\"\" data-tilt-scale=\"1.1\" data-tilt-max=\"0\" data-tilt-perspective=\"400\" data-tilt-speed=\"400\" data-tilt-easing=\"cubic-bezier(.03,.98,.52,.99)\"><div id=\"plus69f476e99d4cd\" class=\"pt-plus-animated-image-wrapper      \" ><div class=\"animated-image-parallax   \" ><div class=\"pt_plus_animated_image bg-image69f476e99d4ca text-center  \"  > <figure class=\"    js-tilt \" data-tilt=\"\" data-tilt-scale=\"1.1\" data-tilt-max=\"0\" data-tilt-perspective=\"400\" data-tilt-speed=\"400\" data-tilt-easing=\"cubic-bezier(.03,.98,.52,.99)\" ><div class=\"vc_single_image-wrapper   \"><img loading=\"lazy\" decoding=\"async\" width=\"1000\" height=\"1000\" src=\"https:\/\/ctvr.eu\/wp-content\/uploads\/2022\/09\/photos_ctvr_new_01.jpg\" class=\"attachment-full size-full wp-image-701\" alt=\"\" srcset=\"https:\/\/ctvr.eu\/wp-content\/uploads\/2022\/09\/photos_ctvr_new_01.jpg 1000w, https:\/\/ctvr.eu\/wp-content\/uploads\/2022\/09\/photos_ctvr_new_01-300x300.jpg 300w, https:\/\/ctvr.eu\/wp-content\/uploads\/2022\/09\/photos_ctvr_new_01-150x150.jpg 150w, https:\/\/ctvr.eu\/wp-content\/uploads\/2022\/09\/photos_ctvr_new_01-768x768.jpg 768w, https:\/\/ctvr.eu\/wp-content\/uploads\/2022\/09\/photos_ctvr_new_01-700x700.jpg 700w\" sizes=\"(max-width: 1000px) 100vw, 1000px\" \/><\/div> <\/figure> <\/div><\/div><\/div><\/div><\/div><\/div>\t\t<\/div>\n\t\t\t\t<\/div>\n\t\t\t\t\t<\/div>\n\t\t<\/div>\n\t\t\t\t<div class=\"elementor-column elementor-col-50 elementor-inner-column elementor-element elementor-element-2b7d65d\" data-id=\"2b7d65d\" data-element_type=\"column\">\n\t\t\t<div class=\"elementor-widget-wrap elementor-element-populated\">\n\t\t\t\t\t\t<div class=\"elementor-element elementor-element-c44a3c7 elementor-widget elementor-widget-heading\" data-id=\"c44a3c7\" data-element_type=\"widget\" data-widget_type=\"heading.default\">\n\t\t\t\t<div class=\"elementor-widget-container\">\n\t\t\t<h2 class=\"elementor-heading-title elementor-size-default\">CT : VR Guide avec des tutoriels vid\u00e9os<\/h2>\t\t<\/div>\n\t\t\t\t<\/div>\n\t\t\t\t<div class=\"elementor-element elementor-element-d1bf147 elementor-widget elementor-widget-text-editor\" data-id=\"d1bf147\" data-element_type=\"widget\" data-widget_type=\"text-editor.default\">\n\t\t\t\t<div class=\"elementor-widget-container\">\n\t\t\t<div class=\"bb-theme-elementor-wrap bb-elementor-custom-color\">\t\t\t\t<p>Les partenaires du projet collecteront et \u00e9valueront les exemples de bonnes pratiques de mise en \u0153uvre de la RV\/RA \u00e0 tous niveaux aupr\u00e8s des organisations \u00e9ducatives, en mettant l&#8217;accent sur la formation d\u2019adultes. Une recherche sera men\u00e9e sur les bonnes pratiques, en rassemblant les connaissances et les informations des organisations et des sites Web qui utilisent d\u00e9j\u00e0 la RV dans le cadre de leurs programmes \u00e9ducatifs. Les r\u00e9sultats de la recherche seront publi\u00e9s sur la plateforme CT:VR. Le guide servira de mat\u00e9riel d&#8217;apprentissage dans un premier temps, encourageant l&#8217;implication des organisations \u00e9ducatives, en offrant un aper\u00e7u des avantages de la RV\/RA. La plateforme CT : VR, qui comprendra des lignes directrices avec des vid\u00e9os, des liens, des images et d&#8217;autres mat\u00e9riels interactifs, sera propos\u00e9e comme source ouverte aux parties int\u00e9ress\u00e9es.<\/p>\n\t\t\t\t<\/div>\t\t<\/div>\n\t\t\t\t<\/div>\n\t\t\t\t<div class=\"elementor-element elementor-element-95e78e0 elementor-align-center elementor-widget elementor-widget-button\" data-id=\"95e78e0\" data-element_type=\"widget\" data-widget_type=\"button.default\">\n\t\t\t\t<div class=\"elementor-widget-container\">\n\t\t\t\t\t<div class=\"elementor-button-wrapper\">\n\t\t\t<a class=\"elementor-button elementor-button-link elementor-size-sm\" href=\"https:\/\/ctvr.eu\/wp-content\/uploads\/2024\/03\/IO3-GUIDELINES-CT-VR-FRENCH-v2.pdf\" target=\"_blank\">\n\t\t\t\t\t\t<span class=\"elementor-button-content-wrapper\">\n\t\t\t\t\t\t\t\t\t<span class=\"elementor-button-text\">Guide<\/span>\n\t\t\t\t\t<\/span>\n\t\t\t\t\t<\/a>\n\t\t<\/div>\n\t\t\t\t<\/div>\n\t\t\t\t<\/div>\n\t\t\t\t\t<\/div>\n\t\t<\/div>\n\t\t\t\t\t<\/div>\n\t\t<\/section>\n\t\t\t\t<div class=\"elementor-element elementor-element-5509587 elementor-widget elementor-widget-spacer\" data-id=\"5509587\" data-element_type=\"widget\" data-widget_type=\"spacer.default\">\n\t\t\t\t<div class=\"elementor-widget-container\">\n\t\t\t\t\t<div class=\"elementor-spacer\">\n\t\t\t<div class=\"elementor-spacer-inner\"><\/div>\n\t\t<\/div>\n\t\t\t\t<\/div>\n\t\t\t\t<\/div>\n\t\t\t\t\t<\/div>\n\t\t<\/div>\n\t\t\t\t\t<\/div>\n\t\t<\/section>\n\t\t\t\t<\/div>\n\t\t","protected":false},"excerpt":{"rendered":"<p>du projet R\u00e9sultats du projet CT:VR vise \u00e0 cr\u00e9er des programmes d&#8217;\u00e9tudes r\u00e9volutionnaires et innovants en mettant en \u0153uvre des classes de RV en formation&hellip;<\/p>\n","protected":false},"author":2,"featured_media":0,"parent":0,"menu_order":0,"comment_status":"closed","ping_status":"closed","template":"","meta":{"footnotes":""},"class_list":["post-2782","page","type-page","status-publish","hentry"],"_links":{"self":[{"href":"https:\/\/ctvr.eu\/fr\/wp-json\/wp\/v2\/pages\/2782","targetHints":{"allow":["GET"]}}],"collection":[{"href":"https:\/\/ctvr.eu\/fr\/wp-json\/wp\/v2\/pages"}],"about":[{"href":"https:\/\/ctvr.eu\/fr\/wp-json\/wp\/v2\/types\/page"}],"author":[{"embeddable":true,"href":"https:\/\/ctvr.eu\/fr\/wp-json\/wp\/v2\/users\/2"}],"replies":[{"embeddable":true,"href":"https:\/\/ctvr.eu\/fr\/wp-json\/wp\/v2\/comments?post=2782"}],"version-history":[{"count":10,"href":"https:\/\/ctvr.eu\/fr\/wp-json\/wp\/v2\/pages\/2782\/revisions"}],"predecessor-version":[{"id":6580,"href":"https:\/\/ctvr.eu\/fr\/wp-json\/wp\/v2\/pages\/2782\/revisions\/6580"}],"wp:attachment":[{"href":"https:\/\/ctvr.eu\/fr\/wp-json\/wp\/v2\/media?parent=2782"}],"curies":[{"name":"wp","href":"https:\/\/api.w.org\/{rel}","templated":true}]}}