{"id":2730,"date":"2022-06-10T13:02:39","date_gmt":"2022-06-10T13:02:39","guid":{"rendered":"https:\/\/ctvr.eu\/rezultati\/"},"modified":"2024-03-11T12:05:33","modified_gmt":"2024-03-11T12:05:33","slug":"rezultati","status":"publish","type":"page","link":"https:\/\/ctvr.eu\/sl\/rezultati\/","title":{"rendered":"Rezultati"},"content":{"rendered":"\t\t<div data-elementor-type=\"wp-page\" data-elementor-id=\"2730\" class=\"elementor elementor-2730 elementor-210\" data-elementor-post-type=\"page\">\n\t\t\t\t\t\t<section class=\"elementor-section elementor-top-section elementor-element elementor-element-c998916 elementor-section-boxed elementor-section-height-default elementor-section-height-default\" data-id=\"c998916\" data-element_type=\"section\">\n\t\t\t\t\t\t<div class=\"elementor-container elementor-column-gap-default\">\n\t\t\t\t\t<div class=\"elementor-column elementor-col-100 elementor-top-column elementor-element elementor-element-443a587\" data-id=\"443a587\" data-element_type=\"column\">\n\t\t\t<div class=\"elementor-widget-wrap elementor-element-populated\">\n\t\t\t\t\t\t<div class=\"elementor-element elementor-element-32e55b7 elementor-widget elementor-widget-spacer\" data-id=\"32e55b7\" data-element_type=\"widget\" data-widget_type=\"spacer.default\">\n\t\t\t\t<div class=\"elementor-widget-container\">\n\t\t\t\t\t<div class=\"elementor-spacer\">\n\t\t\t<div class=\"elementor-spacer-inner\"><\/div>\n\t\t<\/div>\n\t\t\t\t<\/div>\n\t\t\t\t<\/div>\n\t\t\t\t<section class=\"elementor-section elementor-inner-section elementor-element elementor-element-be45fb9 elementor-section-boxed elementor-section-height-default elementor-section-height-default\" data-id=\"be45fb9\" data-element_type=\"section\">\n\t\t\t\t\t\t\t<div class=\"elementor-background-overlay\"><\/div>\n\t\t\t\t\t\t\t<div class=\"elementor-container elementor-column-gap-default\">\n\t\t\t\t\t<div class=\"elementor-column elementor-col-33 elementor-inner-column elementor-element elementor-element-dd2aaaa\" data-id=\"dd2aaaa\" data-element_type=\"column\">\n\t\t\t<div class=\"elementor-widget-wrap\">\n\t\t\t\t\t\t\t<\/div>\n\t\t<\/div>\n\t\t\t\t<div class=\"elementor-column elementor-col-33 elementor-inner-column elementor-element elementor-element-2a35169\" data-id=\"2a35169\" data-element_type=\"column\">\n\t\t\t<div class=\"elementor-widget-wrap elementor-element-populated\">\n\t\t\t\t\t\t<div class=\"elementor-element elementor-element-d41f724 elementor-widget elementor-widget-image\" data-id=\"d41f724\" data-element_type=\"widget\" data-widget_type=\"image.default\">\n\t\t\t\t<div class=\"elementor-widget-container\">\n\t\t\t\t\t\t\t\t\t\t\t\t\t<img fetchpriority=\"high\" decoding=\"async\" width=\"640\" height=\"607\" src=\"https:\/\/ctvr.eu\/wp-content\/uploads\/2022\/06\/results_photo_01.png\" class=\"attachment-large size-large wp-image-1364\" alt=\"\" srcset=\"https:\/\/ctvr.eu\/wp-content\/uploads\/2022\/06\/results_photo_01.png 800w, https:\/\/ctvr.eu\/wp-content\/uploads\/2022\/06\/results_photo_01-300x285.png 300w, https:\/\/ctvr.eu\/wp-content\/uploads\/2022\/06\/results_photo_01-768x729.png 768w\" sizes=\"(max-width: 640px) 100vw, 640px\" \/>\t\t\t\t\t\t\t\t\t\t\t\t\t<\/div>\n\t\t\t\t<\/div>\n\t\t\t\t\t<\/div>\n\t\t<\/div>\n\t\t\t\t<div class=\"elementor-column elementor-col-33 elementor-inner-column elementor-element elementor-element-5eb18b4\" data-id=\"5eb18b4\" data-element_type=\"column\">\n\t\t\t<div class=\"elementor-widget-wrap\">\n\t\t\t\t\t\t\t<\/div>\n\t\t<\/div>\n\t\t\t\t\t<\/div>\n\t\t<\/section>\n\t\t\t\t<div class=\"elementor-element elementor-element-890d672 text-center elementor-widget elementor-widget-tp-heading-title\" data-id=\"890d672\" data-element_type=\"widget\" data-widget_type=\"tp-heading-title.default\">\n\t\t\t\t<div class=\"elementor-widget-container\">\n\t\t\t<div class=\"heading heading_style heading_style69df0cc9c4521 style-1 \" ><div class=\"sub-style \"  ><div class=\"head-title \" > <h1  class=\"heading-title   \"   data-hover=\"Projektni \">Projektni <span class=\"title-s \"> Rezultati <\/span><\/h1><\/div><\/div><\/div>\t\t<\/div>\n\t\t\t\t<\/div>\n\t\t\t\t<div class=\"elementor-element elementor-element-bd538dc elementor-widget elementor-widget-text-editor\" data-id=\"bd538dc\" data-element_type=\"widget\" data-widget_type=\"text-editor.default\">\n\t\t\t\t<div class=\"elementor-widget-container\">\n\t\t\t<div class=\"bb-theme-elementor-wrap bb-elementor-custom-color\">\t\t\t\t<p>CT:VR aims to create revolutionary and innovative curricula by implementing VR classrooms in the adult educational process.<\/p>\n\t\t\t\t<\/div>\t\t<\/div>\n\t\t\t\t<\/div>\n\t\t\t\t<div class=\"elementor-element elementor-element-2504513 elementor-widget elementor-widget-spacer\" data-id=\"2504513\" data-element_type=\"widget\" id=\"results01\" data-widget_type=\"spacer.default\">\n\t\t\t\t<div class=\"elementor-widget-container\">\n\t\t\t\t\t<div class=\"elementor-spacer\">\n\t\t\t<div class=\"elementor-spacer-inner\"><\/div>\n\t\t<\/div>\n\t\t\t\t<\/div>\n\t\t\t\t<\/div>\n\t\t\t\t<section class=\"elementor-section elementor-inner-section elementor-element elementor-element-39215c8 elementor-section-full_width elementor-section-height-default elementor-section-height-default\" data-id=\"39215c8\" data-element_type=\"section\">\n\t\t\t\t\t\t<div class=\"elementor-container elementor-column-gap-default\">\n\t\t\t\t\t<div class=\"elementor-column elementor-col-50 elementor-inner-column elementor-element elementor-element-da7542f\" data-id=\"da7542f\" data-element_type=\"column\">\n\t\t\t<div class=\"elementor-widget-wrap elementor-element-populated\">\n\t\t\t\t\t\t<div class=\"elementor-element elementor-element-fe53686 elementor-widget elementor-widget-tp-image-factory\" data-id=\"fe53686\" data-element_type=\"widget\" data-widget_type=\"tp-image-factory.default\">\n\t\t\t\t<div class=\"elementor-widget-container\">\n\t\t\t<div id=\"plus69df0cc9c6b7f\" class=\"plus-adv-text-widget plus-widget-wrapper    \"  ><div class=\"plus-widget-inner-wrap   \"  ><div class=\"plus-widget-inner-tilt js-tilt\" data-tilt=\"\" data-tilt-scale=\"1.1\" data-tilt-max=\"0\" data-tilt-perspective=\"400\" data-tilt-speed=\"400\" data-tilt-easing=\"cubic-bezier(.03,.98,.52,.99)\"><div id=\"plus69df0cc9c6ed4\" class=\"pt-plus-animated-image-wrapper      \" ><div class=\"animated-image-parallax   \" ><div class=\"pt_plus_animated_image bg-image69df0cc9c6ed1 text-center  \"  > <figure class=\"    js-tilt \" data-tilt=\"\" data-tilt-scale=\"1.1\" data-tilt-max=\"0\" data-tilt-perspective=\"400\" data-tilt-speed=\"400\" data-tilt-easing=\"cubic-bezier(.03,.98,.52,.99)\" ><div class=\"vc_single_image-wrapper   \"><img decoding=\"async\" width=\"1000\" height=\"1000\" src=\"https:\/\/ctvr.eu\/wp-content\/uploads\/2022\/09\/photos_ctvr_new_02.jpg\" class=\"attachment-full size-full wp-image-702\" alt=\"\" srcset=\"https:\/\/ctvr.eu\/wp-content\/uploads\/2022\/09\/photos_ctvr_new_02.jpg 1000w, https:\/\/ctvr.eu\/wp-content\/uploads\/2022\/09\/photos_ctvr_new_02-300x300.jpg 300w, https:\/\/ctvr.eu\/wp-content\/uploads\/2022\/09\/photos_ctvr_new_02-150x150.jpg 150w, https:\/\/ctvr.eu\/wp-content\/uploads\/2022\/09\/photos_ctvr_new_02-768x768.jpg 768w, https:\/\/ctvr.eu\/wp-content\/uploads\/2022\/09\/photos_ctvr_new_02-700x700.jpg 700w\" sizes=\"(max-width: 1000px) 100vw, 1000px\" \/><\/div> <\/figure> <\/div><\/div><\/div><\/div><\/div><\/div>\t\t<\/div>\n\t\t\t\t<\/div>\n\t\t\t\t\t<\/div>\n\t\t<\/div>\n\t\t\t\t<div class=\"elementor-column elementor-col-50 elementor-inner-column elementor-element elementor-element-e51a209\" data-id=\"e51a209\" data-element_type=\"column\">\n\t\t\t<div class=\"elementor-widget-wrap elementor-element-populated\">\n\t\t\t\t\t\t<div class=\"elementor-element elementor-element-088505d elementor-widget elementor-widget-heading\" data-id=\"088505d\" data-element_type=\"widget\" data-widget_type=\"heading.default\">\n\t\t\t\t<div class=\"elementor-widget-container\">\n\t\t\t<h2 class=\"elementor-heading-title elementor-size-default\">Raziskave orodij in metodologij VR v izobra\u017eevanju odraslih<\/h2>\t\t<\/div>\n\t\t\t\t<\/div>\n\t\t\t\t<div class=\"elementor-element elementor-element-87831bf elementor-widget elementor-widget-text-editor\" data-id=\"87831bf\" data-element_type=\"widget\" data-widget_type=\"text-editor.default\">\n\t\t\t\t<div class=\"elementor-widget-container\">\n\t\t\t<div class=\"bb-theme-elementor-wrap bb-elementor-custom-color\">\t\t\t\t<p>Poglobljena raziskava celovitih gradiv, orodij in najbolj\u0161ih praks s podro\u010dja virtualne in\/ali obogatene resni\u010dnosti v izobra\u017eevanju. Raziskava bo vodila do splo\u0161nega poro\u010dila, ki bo temeljilo na nacionalnih poro\u010dilih, ki so jih pripravili projektni partnerji, da bi predstavili orodja VR\/AR in inovativne metode, ki jih je mogo\u010de uporabiti v izobra\u017eevanju odraslih.<\/p>\n\t\t\t\t<\/div>\t\t<\/div>\n\t\t\t\t<\/div>\n\t\t\t\t<div class=\"elementor-element elementor-element-fadd581 elementor-align-center elementor-widget elementor-widget-button\" data-id=\"fadd581\" data-element_type=\"widget\" data-widget_type=\"button.default\">\n\t\t\t\t<div class=\"elementor-widget-container\">\n\t\t\t\t\t<div class=\"elementor-button-wrapper\">\n\t\t\t<a class=\"elementor-button elementor-button-link elementor-size-sm\" href=\"https:\/\/ctvr.eu\/sl\/studije-primerov\/\">\n\t\t\t\t\t\t<span class=\"elementor-button-content-wrapper\">\n\t\t\t\t\t\t\t\t\t<span class=\"elementor-button-text\">\u0160tudije Primerov<\/span>\n\t\t\t\t\t<\/span>\n\t\t\t\t\t<\/a>\n\t\t<\/div>\n\t\t\t\t<\/div>\n\t\t\t\t<\/div>\n\t\t\t\t\t<\/div>\n\t\t<\/div>\n\t\t\t\t\t<\/div>\n\t\t<\/section>\n\t\t\t\t<div class=\"elementor-element elementor-element-ada8ef7 elementor-widget elementor-widget-spacer\" data-id=\"ada8ef7\" data-element_type=\"widget\" id=\"results02\" data-widget_type=\"spacer.default\">\n\t\t\t\t<div class=\"elementor-widget-container\">\n\t\t\t\t\t<div class=\"elementor-spacer\">\n\t\t\t<div class=\"elementor-spacer-inner\"><\/div>\n\t\t<\/div>\n\t\t\t\t<\/div>\n\t\t\t\t<\/div>\n\t\t\t\t<section class=\"elementor-section elementor-inner-section elementor-element elementor-element-8784f7c elementor-section-full_width elementor-reverse-mobile elementor-section-height-default elementor-section-height-default\" data-id=\"8784f7c\" data-element_type=\"section\">\n\t\t\t\t\t\t<div class=\"elementor-container elementor-column-gap-default\">\n\t\t\t\t\t<div class=\"elementor-column elementor-col-50 elementor-inner-column elementor-element elementor-element-822a935\" data-id=\"822a935\" data-element_type=\"column\">\n\t\t\t<div class=\"elementor-widget-wrap elementor-element-populated\">\n\t\t\t\t\t\t<div class=\"elementor-element elementor-element-db01c79 elementor-widget elementor-widget-heading\" data-id=\"db01c79\" data-element_type=\"widget\" data-widget_type=\"heading.default\">\n\t\t\t\t<div class=\"elementor-widget-container\">\n\t\t\t<h2 class=\"elementor-heading-title elementor-size-default\">CT: VR u\u010dni na\u010drt <\/h2>\t\t<\/div>\n\t\t\t\t<\/div>\n\t\t\t\t<div class=\"elementor-element elementor-element-60b6a15 elementor-widget elementor-widget-text-editor\" data-id=\"60b6a15\" data-element_type=\"widget\" data-widget_type=\"text-editor.default\">\n\t\t\t\t<div class=\"elementor-widget-container\">\n\t\t\t<div class=\"bb-theme-elementor-wrap bb-elementor-custom-color\">\t\t\t\t<p>U\u010dni na\u010drt CT:VR bo digitalno objavljen in bo sestavljen iz seznama postopkov in metodologij v zvezi z implementacijo VR na 3 ravneh: organizacijski, u\u010ditelj\/mentor, udele\u017eenec. Deloval bo kot smernica o mo\u017enostih razli\u010dnih implementacij in kot vadnica za prihodnjo uporabo s strani organizacij ali u\u010diteljev. Uporabljene bodo ustvarjalne izobra\u017eevalne metode u\u010denja na daljavo, kot so pripovedovanje zgodb, pisanje scenarijev in umetni\u0161ki pristopi, s \u010dimer se bodo izbolj\u0161ale digitalne ve\u0161\u010dine u\u010diteljev in izobra\u017eevalcev. U\u010ditelji bodo pridobili tudi ve\u0161\u010dine oblikovanja novih u\u010dnih modulov.<\/p>\n\t\t\t\t<\/div>\t\t<\/div>\n\t\t\t\t<\/div>\n\t\t\t\t<div class=\"elementor-element elementor-element-f7dbba2 elementor-align-center elementor-widget elementor-widget-button\" data-id=\"f7dbba2\" data-element_type=\"widget\" data-widget_type=\"button.default\">\n\t\t\t\t<div class=\"elementor-widget-container\">\n\t\t\t\t\t<div class=\"elementor-button-wrapper\">\n\t\t\t<a class=\"elementor-button elementor-button-link elementor-size-sm\" href=\"https:\/\/ctvr.eu\/sl\/courses\/ct-ucni-nacrti-za-virtualno-resnicnost\/\">\n\t\t\t\t\t\t<span class=\"elementor-button-content-wrapper\">\n\t\t\t\t\t\t\t\t\t<span class=\"elementor-button-text\">U\u010dni na\u010drt<\/span>\n\t\t\t\t\t<\/span>\n\t\t\t\t\t<\/a>\n\t\t<\/div>\n\t\t\t\t<\/div>\n\t\t\t\t<\/div>\n\t\t\t\t\t<\/div>\n\t\t<\/div>\n\t\t\t\t<div class=\"elementor-column elementor-col-50 elementor-inner-column elementor-element elementor-element-1303072\" data-id=\"1303072\" data-element_type=\"column\">\n\t\t\t<div class=\"elementor-widget-wrap elementor-element-populated\">\n\t\t\t\t\t\t<div class=\"elementor-element elementor-element-013e160 elementor-widget elementor-widget-tp-image-factory\" data-id=\"013e160\" data-element_type=\"widget\" data-settings=\"{&quot;sticky&quot;:&quot;top&quot;,&quot;sticky_on&quot;:[&quot;tablet&quot;],&quot;sticky_parent&quot;:&quot;yes&quot;,&quot;sticky_offset&quot;:0,&quot;sticky_effects_offset&quot;:0}\" data-widget_type=\"tp-image-factory.default\">\n\t\t\t\t<div class=\"elementor-widget-container\">\n\t\t\t<div id=\"plus69df0cc9ca517\" class=\"plus-adv-text-widget plus-widget-wrapper    \"  ><div class=\"plus-widget-inner-wrap   \"  ><div class=\"plus-widget-inner-tilt js-tilt\" data-tilt=\"\" data-tilt-scale=\"1.1\" data-tilt-max=\"0\" data-tilt-perspective=\"400\" data-tilt-speed=\"400\" data-tilt-easing=\"cubic-bezier(.03,.98,.52,.99)\"><div id=\"plus69df0cc9ca821\" class=\"pt-plus-animated-image-wrapper      \" ><div class=\"animated-image-parallax   \" ><div class=\"pt_plus_animated_image bg-image69df0cc9ca81d text-center  \"  > <figure class=\"    js-tilt \" data-tilt=\"\" data-tilt-scale=\"1.1\" data-tilt-max=\"0\" data-tilt-perspective=\"400\" data-tilt-speed=\"400\" data-tilt-easing=\"cubic-bezier(.03,.98,.52,.99)\" ><div class=\"vc_single_image-wrapper   \"><img decoding=\"async\" width=\"1000\" height=\"1000\" src=\"https:\/\/ctvr.eu\/wp-content\/uploads\/2022\/06\/Implementation-of-blended.jpg\" class=\"attachment-full size-full wp-image-123\" alt=\"\" srcset=\"https:\/\/ctvr.eu\/wp-content\/uploads\/2022\/06\/Implementation-of-blended.jpg 1000w, https:\/\/ctvr.eu\/wp-content\/uploads\/2022\/06\/Implementation-of-blended-300x300.jpg 300w, https:\/\/ctvr.eu\/wp-content\/uploads\/2022\/06\/Implementation-of-blended-150x150.jpg 150w, https:\/\/ctvr.eu\/wp-content\/uploads\/2022\/06\/Implementation-of-blended-768x768.jpg 768w, https:\/\/ctvr.eu\/wp-content\/uploads\/2022\/06\/Implementation-of-blended-700x700.jpg 700w\" sizes=\"(max-width: 1000px) 100vw, 1000px\" \/><\/div> <\/figure> <\/div><\/div><\/div><\/div><\/div><\/div>\t\t<\/div>\n\t\t\t\t<\/div>\n\t\t\t\t\t<\/div>\n\t\t<\/div>\n\t\t\t\t\t<\/div>\n\t\t<\/section>\n\t\t\t\t<div class=\"elementor-element elementor-element-077a622 elementor-widget elementor-widget-spacer\" data-id=\"077a622\" data-element_type=\"widget\" id=\"results03\" data-widget_type=\"spacer.default\">\n\t\t\t\t<div class=\"elementor-widget-container\">\n\t\t\t\t\t<div class=\"elementor-spacer\">\n\t\t\t<div class=\"elementor-spacer-inner\"><\/div>\n\t\t<\/div>\n\t\t\t\t<\/div>\n\t\t\t\t<\/div>\n\t\t\t\t<section class=\"elementor-section elementor-inner-section elementor-element elementor-element-5897ce9 elementor-section-full_width elementor-section-height-default elementor-section-height-default\" data-id=\"5897ce9\" data-element_type=\"section\">\n\t\t\t\t\t\t<div class=\"elementor-container elementor-column-gap-default\">\n\t\t\t\t\t<div class=\"elementor-column elementor-col-50 elementor-inner-column elementor-element elementor-element-125f5c8\" data-id=\"125f5c8\" data-element_type=\"column\">\n\t\t\t<div class=\"elementor-widget-wrap elementor-element-populated\">\n\t\t\t\t\t\t<div class=\"elementor-element elementor-element-d7721d3 elementor-widget elementor-widget-tp-image-factory\" data-id=\"d7721d3\" data-element_type=\"widget\" data-settings=\"{&quot;sticky&quot;:&quot;top&quot;,&quot;sticky_on&quot;:[&quot;tablet&quot;],&quot;sticky_parent&quot;:&quot;yes&quot;,&quot;sticky_offset&quot;:0,&quot;sticky_effects_offset&quot;:0}\" data-widget_type=\"tp-image-factory.default\">\n\t\t\t\t<div class=\"elementor-widget-container\">\n\t\t\t<div id=\"plus69df0cc9cba07\" class=\"plus-adv-text-widget plus-widget-wrapper    \"  ><div class=\"plus-widget-inner-wrap   \"  ><div class=\"plus-widget-inner-tilt js-tilt\" data-tilt=\"\" data-tilt-scale=\"1.1\" data-tilt-max=\"0\" data-tilt-perspective=\"400\" data-tilt-speed=\"400\" data-tilt-easing=\"cubic-bezier(.03,.98,.52,.99)\"><div id=\"plus69df0cc9cbcd2\" class=\"pt-plus-animated-image-wrapper      \" ><div class=\"animated-image-parallax   \" ><div class=\"pt_plus_animated_image bg-image69df0cc9cbccd text-center  \"  > <figure class=\"    js-tilt \" data-tilt=\"\" data-tilt-scale=\"1.1\" data-tilt-max=\"0\" data-tilt-perspective=\"400\" data-tilt-speed=\"400\" data-tilt-easing=\"cubic-bezier(.03,.98,.52,.99)\" ><div class=\"vc_single_image-wrapper   \"><img loading=\"lazy\" decoding=\"async\" width=\"1000\" height=\"1000\" src=\"https:\/\/ctvr.eu\/wp-content\/uploads\/2022\/09\/photos_ctvr_new_01.jpg\" class=\"attachment-full size-full wp-image-701\" alt=\"\" srcset=\"https:\/\/ctvr.eu\/wp-content\/uploads\/2022\/09\/photos_ctvr_new_01.jpg 1000w, https:\/\/ctvr.eu\/wp-content\/uploads\/2022\/09\/photos_ctvr_new_01-300x300.jpg 300w, https:\/\/ctvr.eu\/wp-content\/uploads\/2022\/09\/photos_ctvr_new_01-150x150.jpg 150w, https:\/\/ctvr.eu\/wp-content\/uploads\/2022\/09\/photos_ctvr_new_01-768x768.jpg 768w, https:\/\/ctvr.eu\/wp-content\/uploads\/2022\/09\/photos_ctvr_new_01-700x700.jpg 700w\" sizes=\"(max-width: 1000px) 100vw, 1000px\" \/><\/div> <\/figure> <\/div><\/div><\/div><\/div><\/div><\/div>\t\t<\/div>\n\t\t\t\t<\/div>\n\t\t\t\t\t<\/div>\n\t\t<\/div>\n\t\t\t\t<div class=\"elementor-column elementor-col-50 elementor-inner-column elementor-element elementor-element-2b7d65d\" data-id=\"2b7d65d\" data-element_type=\"column\">\n\t\t\t<div class=\"elementor-widget-wrap elementor-element-populated\">\n\t\t\t\t\t\t<div class=\"elementor-element elementor-element-c44a3c7 elementor-widget elementor-widget-heading\" data-id=\"c44a3c7\" data-element_type=\"widget\" data-widget_type=\"heading.default\">\n\t\t\t\t<div class=\"elementor-widget-container\">\n\t\t\t<h2 class=\"elementor-heading-title elementor-size-default\">CT: VR smernice z video vadnicami<\/h2>\t\t<\/div>\n\t\t\t\t<\/div>\n\t\t\t\t<div class=\"elementor-element elementor-element-d1bf147 elementor-widget elementor-widget-text-editor\" data-id=\"d1bf147\" data-element_type=\"widget\" data-widget_type=\"text-editor.default\">\n\t\t\t\t<div class=\"elementor-widget-container\">\n\t\t\t<div class=\"bb-theme-elementor-wrap bb-elementor-custom-color\">\t\t\t\t<p>Projektni partnerji bodo zbirali in ovrednotili primere dobre prakse implementacije VR\/AR na vseh ravneh izobra\u017eevalnih organizacij, s poudarkom na izobra\u017eevanju odraslih. Izvedena bo raziskava dobrih praks, zbiranje znanja in informacij iz organizacij in spletnih strani, ki \u017ee uporabljajo VR kot del svojih izobra\u017eevalnih u\u010dnih na\u010drtov. Rezultati raziskave bodo objavljeni na platformi CT:VR. Smernice bodo sprva slu\u017eile kot u\u010dni material, ki bo spodbujal vklju\u010devanje izobra\u017eevalnih organizacij s pregledom prednosti VR\/AR. Platforma CT : VR, ki bo vsebovala smernice z<\/p>\n<p>videoposnetki, povezavami, slikami in drugim interaktivnim gradivom, bo ponujena kot odprtokodna zainteresiranim dele\u017enikom.<\/p>\n\t\t\t\t<\/div>\t\t<\/div>\n\t\t\t\t<\/div>\n\t\t\t\t<div class=\"elementor-element elementor-element-88b3894 elementor-align-center elementor-widget elementor-widget-button\" data-id=\"88b3894\" data-element_type=\"widget\" data-widget_type=\"button.default\">\n\t\t\t\t<div class=\"elementor-widget-container\">\n\t\t\t\t\t<div class=\"elementor-button-wrapper\">\n\t\t\t<a class=\"elementor-button elementor-button-link elementor-size-sm\" href=\"https:\/\/ctvr.eu\/wp-content\/uploads\/2024\/03\/IO3-GUIDELINES-CT-VR-SLOVENIAN-v2.pdf\" target=\"_blank\">\n\t\t\t\t\t\t<span class=\"elementor-button-content-wrapper\">\n\t\t\t\t\t\t\t\t\t<span class=\"elementor-button-text\">Smernice<\/span>\n\t\t\t\t\t<\/span>\n\t\t\t\t\t<\/a>\n\t\t<\/div>\n\t\t\t\t<\/div>\n\t\t\t\t<\/div>\n\t\t\t\t\t<\/div>\n\t\t<\/div>\n\t\t\t\t\t<\/div>\n\t\t<\/section>\n\t\t\t\t<div class=\"elementor-element elementor-element-5509587 elementor-widget elementor-widget-spacer\" data-id=\"5509587\" data-element_type=\"widget\" data-widget_type=\"spacer.default\">\n\t\t\t\t<div class=\"elementor-widget-container\">\n\t\t\t\t\t<div class=\"elementor-spacer\">\n\t\t\t<div class=\"elementor-spacer-inner\"><\/div>\n\t\t<\/div>\n\t\t\t\t<\/div>\n\t\t\t\t<\/div>\n\t\t\t\t\t<\/div>\n\t\t<\/div>\n\t\t\t\t\t<\/div>\n\t\t<\/section>\n\t\t\t\t<\/div>\n\t\t","protected":false},"excerpt":{"rendered":"<p>Projektni Rezultati CT:VR aims to create revolutionary and innovative curricula by implementing VR classrooms in the adult educational process. Raziskave orodij in metodologij VR v&hellip;<\/p>\n","protected":false},"author":2,"featured_media":0,"parent":0,"menu_order":0,"comment_status":"closed","ping_status":"closed","template":"","meta":{"footnotes":""},"class_list":["post-2730","page","type-page","status-publish","hentry"],"_links":{"self":[{"href":"https:\/\/ctvr.eu\/sl\/wp-json\/wp\/v2\/pages\/2730","targetHints":{"allow":["GET"]}}],"collection":[{"href":"https:\/\/ctvr.eu\/sl\/wp-json\/wp\/v2\/pages"}],"about":[{"href":"https:\/\/ctvr.eu\/sl\/wp-json\/wp\/v2\/types\/page"}],"author":[{"embeddable":true,"href":"https:\/\/ctvr.eu\/sl\/wp-json\/wp\/v2\/users\/2"}],"replies":[{"embeddable":true,"href":"https:\/\/ctvr.eu\/sl\/wp-json\/wp\/v2\/comments?post=2730"}],"version-history":[{"count":16,"href":"https:\/\/ctvr.eu\/sl\/wp-json\/wp\/v2\/pages\/2730\/revisions"}],"predecessor-version":[{"id":6577,"href":"https:\/\/ctvr.eu\/sl\/wp-json\/wp\/v2\/pages\/2730\/revisions\/6577"}],"wp:attachment":[{"href":"https:\/\/ctvr.eu\/sl\/wp-json\/wp\/v2\/media?parent=2730"}],"curies":[{"name":"wp","href":"https:\/\/api.w.org\/{rel}","templated":true}]}}